{"id":14,"date":"2018-01-31T22:46:13","date_gmt":"2018-01-31T22:46:13","guid":{"rendered":"http:\/\/nieuw.heeroomfonds.nl\/?page_id=14"},"modified":"2025-06-28T09:01:10","modified_gmt":"2025-06-28T09:01:10","slug":"projecten","status":"publish","type":"page","link":"http:\/\/nieuw.heeroomfonds.nl\/?page_id=14","title":{"rendered":"Projecten"},"content":{"rendered":"<p><strong>16-12-1993 &#8211; Aide Aux Artisans<\/strong><\/p>\n<ul>\n<li>Witte Paters &#8211; zuster Eppink<\/li>\n<li><em>Gereedschappen voor uitoefenen van beroepen als mestelaar en timmerman<\/em><\/li>\n<li>Jacob Tj\u00e8jo Kane, Pierre Kulibali &#8211; Mali<\/li>\n<\/ul>\n<p><strong>23-11-1994 &#8211; Aide Aux Artisans<\/strong><\/p>\n<ul>\n<li>Witte Paters, zuster Eppink, pater Kuppens<\/li>\n<li><em>Gereedschappen voor opzetten van een opleiding voor lasser<\/em><\/li>\n<li>Jean Claude Kon\u00e9 \u2013 Mali<\/li>\n<\/ul>\n<p><strong>25-2-1997 &#8211; Moulin concasseur<\/strong><\/p>\n<ul>\n<li>Soeur L. Hubenthal<\/li>\n<li><em>Aanschaf molen om noten te kraken voor bereiding zeep\u00a0\u00a0\u00a0\u00a0\u00a0\u00a0\u00a0\u00a0\u00a0\u00a0\u00a0\u00a0 <\/em><\/li>\n<li>Femmes de l&#8217;A.C.F. &#8211; Burkina Faso<\/li>\n<\/ul>\n<p><strong>5-2-1998 &#8211; Aide aux Artisans<\/strong><\/p>\n<ul>\n<li>Witte Paters, pater Kuppens<\/li>\n<li><em>Aanschaf lasapparaat\u00a0\u00a0\u00a0 <\/em><\/li>\n<li>Jean Claude Kon\u00e9 &#8211; Mali<\/li>\n<\/ul>\n<p><strong>15-8-1998 &#8211; Aide aux Artisans<\/strong><\/p>\n<ul>\n<li>Witte Paters, pater Kuppens<\/li>\n<li><em>Aanschaf vervoermiddel en gereedschappen<\/em><\/li>\n<li>Jean Claude Kon\u00e9 \u2013 Mali<\/li>\n<\/ul>\n<p><strong>1-12-2001 &#8211; Aide aux Artisans<\/strong><\/p>\n<ul>\n<li>Witte Paters, pater Kuppens<\/li>\n<li><em>Aanschaf elektrische schaaf, cirkelzaag en d\u00e9fonceuse<\/em><\/li>\n<li>Mamadou Cissoko &#8211; Mali<\/li>\n<\/ul>\n<p><strong>20-3-2003 &#8211; Aide aux Artisans<\/strong><\/p>\n<ul>\n<li>Witte Paters, broeder Victor Dery<\/li>\n<li><em>Aanschaf lasapparatuur<\/em><\/li>\n<li>Eug\u00e8ne Diakit\u00e9 \u2013 Mali<\/li>\n<\/ul>\n<p><strong>22-6-2004 &#8211; Aide aux Artisans<\/strong><\/p>\n<ul>\n<li>Witte Paters, pater Kuppens<\/li>\n<li><em>Generator en gereedschappen loodgieter elektricien<\/em><\/li>\n<li>Elie Mara \u2013 Mali<\/li>\n<\/ul>\n<p><strong>18-5-2005 &#8211; opleiding timmerman<\/strong><\/p>\n<ul>\n<li>Noud van Hout Watoto Foundation<\/li>\n<li><em>Aanschaf electrische cirkelzaagmachine<\/em><\/li>\n<li>Tanzania<\/li>\n<\/ul>\n<p><strong>18-5-2005 &#8211; visserij<\/strong><\/p>\n<ul>\n<li>Hilbert Jan Smitt, Stichting wederopbouw Visserhuizen<\/li>\n<li><em>Uitrusting vissersboten netten en touwen etc<\/em>,<\/li>\n<li>Sri-Lanka<\/li>\n<\/ul>\n<p><strong>5-4-2006 &#8211; bouwonderneming<\/strong><\/p>\n<ul>\n<li>Witte Paters, pater Kerkhof<\/li>\n<li><em>Aanschaf cement mixer<\/em><\/li>\n<li>Emanuel Chiputula, Innocenti Banda &#8211; Malawi<\/li>\n<\/ul>\n<p><strong>5-6-2006 &#8211; timmerman<\/strong><\/p>\n<ul>\n<li>Witte Paters, Pater W. Burm<\/li>\n<li><em>Aanschaf hamers, klemtangen, schaven<\/em><\/li>\n<li>Michel Zidouemba &#8211; Burkina Faso<\/li>\n<\/ul>\n<p><strong>8-1-2007 &#8211; smid, lasser, elektricien, loodgieter<\/strong><\/p>\n<ul>\n<li>Witte Paters, pater Kuppens<\/li>\n<li><em>Aanschaf lasapparatuur en toebehoren, boormachine, slijpmachine<\/em><\/li>\n<li>Elie Mara \u2013 Mali<\/li>\n<\/ul>\n<p><strong>8-1-2007 &#8211; bouwonderneming<\/strong><\/p>\n<ul>\n<li>Witte Paters, pater Kerkhof<\/li>\n<li><em>Slijpmachine, boren, tegelsnijder, schroefdraadsnijder, schroefbank, waterpomptang, aggregaat, gereedschapskist, kruiwagens<\/em><\/li>\n<li>Emanuel Chiputula, Innocenti Banda &#8211; Malawi<\/li>\n<\/ul>\n<p><strong>24-12-2007 &#8211; Embouche Porcine, Culture Marechaire<\/strong><\/p>\n<ul>\n<li>Soeurs de l Annonciation<\/li>\n<li><em>Opleiding tot varkenshouder en groenteteler<\/em><\/li>\n<li>Ki Zerbo N. Alphonso &#8211; Burkina Faso<\/li>\n<\/ul>\n<p><strong>4-8-2009 &#8211; Embouche Porcine, Culture Marechaire<\/strong><\/p>\n<ul>\n<li>Soeurs de l Annonciation<\/li>\n<li><em>Waterput voor varkenshouderij en kwekerij<\/em><\/li>\n<li>Ki Zerbo N. Alphonso &#8211; Burkina Faso<\/li>\n<\/ul>\n<p><strong>21-10-2010 \u2013 naaimachines<\/strong><\/p>\n<ul>\n<li>Paroisse Saints Martyrs de l&#8217;Ouganda Bamako Mali<\/li>\n<li><em>4 kleermakers voorzien van electrische naaimachines als vervanging van trapmachines<\/em><\/li>\n<li>Adiaratou Kan\u00e9, Batoma Samak\u00e9, C\u00e9cile Sidib\u00e9, No\u00e8li Moukoro &#8211; Mali<\/li>\n<\/ul>\n<p><strong>11-11-2011 &#8211; Bogolan Serigraphe<\/strong><\/p>\n<ul>\n<li><em>Oprichten atelier voor fabricage en verkoop Bogolan en Serigraphe producten<\/em><\/li>\n<li>Patrice Dembele, David Dioma \u2013 Mali<\/li>\n<\/ul>\n<p><strong>7-11-2012 &#8211; winkel<\/strong><\/p>\n<ul>\n<li>P\u00e8re Laurent Balas<\/li>\n<li><em>winkel\u00a0\u00a0 inrichten van een winkel en beginvoorraad aanschaffen<\/em><\/li>\n<li>Jeanne Sogoba &#8211; Mali<\/li>\n<\/ul>\n<p><strong>7-11-2012 &#8211; kippenfokkerij<\/strong><\/p>\n<ul>\n<li>P\u00e8re Laurent Balas<\/li>\n<li><em>kippenfokkerij\u00a0\u00a0 bouwen van een kippenfarm voor 500 kippen voor de opfok<\/em><\/li>\n<li>Raymond Dembele \u2013 Mali<\/li>\n<\/ul>\n<p><strong>\u00a010-10-2013 uitbreiding kippenfokkerij\u00a0 \u00a0<\/strong><\/p>\n<ul>\n<li>P\u00e8re Laurent Balas<\/li>\n<li><em>bouw van een loods voor opslag voer en mest voor regenperiode<\/em><\/li>\n<li>Raymond Dembele \u2013 Mali<\/li>\n<\/ul>\n<p><strong>26-2-2014 &#8211; Aanschaf inventaris\u00a0\u00a0\u00a0\u00a0\u00a0\u00a0\u00a0\u00a0\u00a0\u00a0\u00a0\u00a0\u00a0<\/strong><\/p>\n<ul>\n<li>P\u00e8re Laurent Balas<\/li>\n<li><em>Klein Wegrestaurant met rotisserie en verkoop van levensmiddelen<\/em><\/li>\n<li>Anna Ndiaye, Bamako Koura &#8211; Mali<\/li>\n<\/ul>\n<p><strong>19-2-2014 \u2013 atelier<\/strong><\/p>\n<ul>\n<li><em>Aanschaf elektrische naaimachines voor\u00a0 atelier<\/em> <em>de couture&#8221; in Bamako<\/em><\/li>\n<li>Patrice Dembele , Bamako Koura &#8211; Mali<\/li>\n<\/ul>\n<p><strong>2015 &#8211; Aanschaf machines<\/strong><\/p>\n<ul>\n<li><em>Cirkelzaagmachine en schaafmachine &#8211; direct contact met fonds,<br \/>50% gefinancierd rest in maandbetalingen door begunstigde aan leverancier<\/em><\/li>\n<li>Mamadou Cissoko &#8211; Mali<\/li>\n<\/ul>\n<p><strong>2016 &#8211; Aanschaf machines<\/strong><\/p>\n<ul>\n<li><em>Twee freesmachines aangeschaft &#8211; <\/em>direct contact met fonds,<br \/><em>\u00a050% gefinancierd rest in maandbetalingen door begunstigde aan leverancier\u00a0\u00a0\u00a0 <\/em><\/li>\n<li>Mamadou Cissoko &#8211; Mali<\/li>\n<\/ul>\n<p><strong>2017 &#8211; Aanschaf slijpmachine<\/strong><\/p>\n<ul>\n<li><em>Slijpmachine aangeschaft &#8211; <\/em>direct contact met fonds,<em>\u00a0\u00a0<\/em><\/li>\n<li>Mamadou Cissoko &#8211; Mali<\/li>\n<\/ul>\n<p><strong>2018 &#8211; Groenteteelt &amp; irrigatie project: <\/strong><\/p>\n<p><strong>Cooperative Agropastorale du Congo<\/strong><\/p>\n<ul>\n<li><em>Project aanleg waterreservoir met pompinstallatie voor besproeing groenteplanten<br \/><\/em>direct contact met fonds,<em>\u00a0\u00a0<\/em><\/li>\n<\/ul>\n\n\n<p><strong>2019<\/strong> &#8211; <strong>Opstarten groenteteelt<\/strong><\/p>\n\n\n\n<ul class=\"wp-block-list\">\n<li><em>Cooperative Agropastorale du Congo<\/em>:<\/li>\n\n\n\n<li>Budget eerste oogst<\/li>\n\n\n\n<li>Zaden en kunstmest<\/li>\n\n\n\n<li>Nieuwe waterpomp<\/li>\n\n\n\n<li>Diverse handgereedschappen<\/li>\n\n\n\n<li><\/li>\n\n\n\n<li><strong>2020 &#8211; Ondersteuning<\/strong><\/li>\n\n\n\n<li>Levensonderhoud weeskinderen <em>Cooperative Agropastorale du Congo<\/em><\/li>\n<\/ul>\n\n\n\n<p><strong>2021 &#8211; Hervatten tuinbouw<\/strong><\/p>\n\n\n\n<ul class=\"wp-block-list\">\n<li><em>Cooperative Agropastorale du Congo:<\/em><\/li>\n\n\n\n<li>Renovatie schuur<\/li>\n\n\n\n<li>Hervatten tuinbouw<\/li>\n<\/ul>\n\n\n\n<p><strong>2022 &#8211; groentekwekerij<\/strong><\/p>\n\n\n\n<ul class=\"wp-block-list\">\n<li><em>Cooperative Agropastorale du Congo<\/em><\/li>\n\n\n\n<li>Aanschaf vervoermiddel Toyota Landcruiser voor vervoer groenten etc<\/li>\n<\/ul>\n\n\n\n<p><strong>2023 &#8211; groentekwekerij<\/strong><\/p>\n\n\n\n<ul class=\"wp-block-list\">\n<li><em>Cooperative Agropastorale du Congo<\/em>:<\/li>\n\n\n\n<li>bijdrage verzekering en onderhoud Toyota<\/li>\n<\/ul>\n\n\n\n<p><strong>2024 &#8211; groentekwekerij<\/strong><\/p>\n\n\n\n<ul class=\"wp-block-list\">\n<li><em>Cooperative Agropastorale du Congo<\/em>:<\/li>\n\n\n\n<li>aanschaf tractor met hulpmiddelen<\/li>\n\n\n\n<li>transportkosten tractor Togo -> Brazzaville<\/li>\n\n\n\n<li>reiskostenaandeel directeur Ngama Ikounga Fourier &#8211; Co\u00f6perative Frankrijk\/Nederland<\/li>\n<\/ul>\n","protected":false},"excerpt":{"rendered":"<p>16-12-1993 &#8211; Aide Aux Artisans Witte Paters &#8211; zuster Eppink Gereedschappen voor uitoefenen van beroepen als mestelaar en timmerman Jacob Tj\u00e8jo Kane, Pierre Kulibali &#8211; Mali 23-11-1994 &#8211; Aide Aux Artisans Witte Paters, zuster Eppink, &hellip;<\/p>\n","protected":false},"author":1,"featured_media":0,"parent":0,"menu_order":0,"comment_status":"closed","ping_status":"closed","template":"","meta":{"footnotes":""},"class_list":["post-14","page","type-page","status-publish","hentry"],"_links":{"self":[{"href":"http:\/\/nieuw.heeroomfonds.nl\/index.php?rest_route=\/wp\/v2\/pages\/14","targetHints":{"allow":["GET"]}}],"collection":[{"href":"http:\/\/nieuw.heeroomfonds.nl\/index.php?rest_route=\/wp\/v2\/pages"}],"about":[{"href":"http:\/\/nieuw.heeroomfonds.nl\/index.php?rest_route=\/wp\/v2\/types\/page"}],"author":[{"embeddable":true,"href":"http:\/\/nieuw.heeroomfonds.nl\/index.php?rest_route=\/wp\/v2\/users\/1"}],"replies":[{"embeddable":true,"href":"http:\/\/nieuw.heeroomfonds.nl\/index.php?rest_route=%2Fwp%2Fv2%2Fcomments&post=14"}],"version-history":[{"count":17,"href":"http:\/\/nieuw.heeroomfonds.nl\/index.php?rest_route=\/wp\/v2\/pages\/14\/revisions"}],"predecessor-version":[{"id":524,"href":"http:\/\/nieuw.heeroomfonds.nl\/index.php?rest_route=\/wp\/v2\/pages\/14\/revisions\/524"}],"wp:attachment":[{"href":"http:\/\/nieuw.heeroomfonds.nl\/index.php?rest_route=%2Fwp%2Fv2%2Fmedia&parent=14"}],"curies":[{"name":"wp","href":"https:\/\/api.w.org\/{rel}","templated":true}]}}